{"id":14379,"date":"2025-05-10T02:42:37","date_gmt":"2025-05-10T02:42:37","guid":{"rendered":"https:\/\/www.mecanico.mobi\/?post_type=product&#038;p=14379"},"modified":"2025-05-10T02:47:54","modified_gmt":"2025-05-10T02:47:54","slug":"lcd-con-marco-para-samsung-a42-5g-t2o-copy","status":"publish","type":"product","link":"https:\/\/www.mecanico.mobi\/es\/product\/lcd-con-marco-para-samsung-a42-5g-t2o-copy\/","title":{"rendered":"LCD CON MARCO PARA Samsung M12 ASS\uff08Serie After Service\uff09"},"content":{"rendered":"","protected":false},"excerpt":{"rendered":"<div class=\"no-padding\">\n<table class=\"product-table\">\n<tbody>\n<tr>\n<td class=\"product-title\">Descripci\u00f3n del producto<\/td>\n<\/tr>\n<tr>\n<td class=\"product-content\">Tecnolog\u00eda ASS: Pantalla LCD de repuesto para Samsung M12 ASS\uff08Serie After Service\uff09<\/p>\n<p>La tan esperada tecnolog\u00eda IC fina avanzada del sector ya est\u00e1 disponible en ASS.<\/p>\n<p>Con revestimiento oleof\u00f3bico de primera calidad, la pantalla funciona con suavidad y capacidad de respuesta.<\/p>\n<p>Disfruta de colores vivos, funciones True Tone y frecuencias de actualizaci\u00f3n m\u00e1s r\u00e1pidas.<\/p>\n<p>Proporciona repuestos de alta calidad para las pantallas LCD Samsung M12 ASS.<\/p>\n<p>Esta pantalla LCD est\u00e1 fabricada con tecnolog\u00eda ASS y se adapta perfectamente al modelo espec\u00edfico.<\/p>\n<p>Mecanico proporciona una garant\u00eda de 12 meses para las pantallas LCD Samsung M12 ASS.<\/td>\n<\/tr>\n<\/tbody>\n<\/table>\n<\/div>\n","protected":false},"featured_media":14381,"comment_status":"open","ping_status":"closed","template":"","meta":[],"product_brand":[],"product_cat":[543,541,545],"product_tag":[],"class_list":{"0":"post-14379","1":"product","2":"type-product","3":"status-publish","4":"has-post-thumbnail","6":"product_cat-ass-es","7":"product_cat-para-moto","8":"product_cat-serie-g","10":"first","11":"instock","12":"shipping-taxable","13":"product-type-simple"},"yoast_head":"<!-- This site is optimized with the Yoast SEO Premium plugin v24.7 (Yoast SEO v25.4) - https:\/\/yoast.com\/wordpress\/plugins\/seo\/ -->\n<title>LCD CON MARCO PARA Samsung M12 ASS\uff08Serie After Service\uff09 - Mecanico<\/title>\n<meta name=\"robots\" content=\"index, follow, max-snippet:-1, max-image-preview:large, max-video-preview:-1\" \/>\n<link rel=\"canonical\" href=\"https:\/\/www.mecanico.mobi\/es\/product\/lcd-con-marco-para-samsung-a42-5g-t2o-copy\/\" \/>\n<meta property=\"og:locale\" content=\"es_ES\" \/>\n<meta property=\"og:type\" content=\"article\" \/>\n<meta property=\"og:title\" content=\"LCD CON MARCO PARA Samsung M12 ASS\uff08Serie After Service\uff09\" \/>\n<meta property=\"og:description\" content=\"Descripci\u00f3n del producto  Tecnolog\u00eda ASS: Pantalla LCD de repuesto para Samsung M12 ASS\uff08Serie After Service\uff09 La tan esperada tecnolog\u00eda IC fina avanzada del sector ya est\u00e1 disponible en ASS. Con revestimiento oleof\u00f3bico de primera calidad, la pantalla funciona con suavidad y capacidad de respuesta. Disfruta de colores vivos, funciones True Tone y frecuencias de actualizaci\u00f3n m\u00e1s r\u00e1pidas. Proporciona repuestos de alta calidad para las pantallas LCD Samsung M12 ASS. Esta pantalla LCD est\u00e1 fabricada con tecnolog\u00eda ASS y se adapta perfectamente al modelo espec\u00edfico. Mecanico proporciona una garant\u00eda de 12 meses para las pantallas LCD Samsung M12 ASS.\" \/>\n<meta property=\"og:url\" content=\"https:\/\/www.mecanico.mobi\/es\/product\/lcd-con-marco-para-samsung-a42-5g-t2o-copy\/\" \/>\n<meta property=\"og:site_name\" content=\"Mecanico\" \/>\n<meta property=\"article:publisher\" content=\"https:\/\/www.facebook.com\/Mecanicophonelcd\" \/>\n<meta property=\"article:modified_time\" content=\"2025-05-10T02:47:54+00:00\" \/>\n<meta property=\"og:image\" content=\"https:\/\/www.mecanico.mobi\/wp-content\/uploads\/2025\/05\/Samsung-m12.webp\" \/>\n\t<meta property=\"og:image:width\" content=\"800\" \/>\n\t<meta property=\"og:image:height\" content=\"800\" \/>\n\t<meta property=\"og:image:type\" content=\"image\/webp\" \/>\n<meta name=\"twitter:card\" content=\"summary_large_image\" \/>\n<meta name=\"twitter:label1\" content=\"Precio\" \/>\n\t<meta name=\"twitter:data1\" content=\"\" \/>\n\t<meta name=\"twitter:label2\" content=\"Disponibilidad\" \/>\n\t<meta name=\"twitter:data2\" content=\"Disponible\" \/>\n<script type=\"application\/ld+json\" class=\"yoast-schema-graph\">{\"@context\":\"https:\/\/schema.org\",\"@graph\":[{\"@type\":\"WebPage\",\"@id\":\"https:\/\/www.mecanico.mobi\/es\/product\/lcd-con-marco-para-samsung-a42-5g-t2o-copy\/\",\"url\":\"https:\/\/www.mecanico.mobi\/es\/product\/lcd-con-marco-para-samsung-a42-5g-t2o-copy\/\",\"name\":\"LCD CON MARCO PARA Samsung M12 ASS\uff08Serie After Service\uff09 - Mecanico\",\"isPartOf\":{\"@id\":\"https:\/\/www.mecanico.mobi\/es\/#website\"},\"primaryImageOfPage\":{\"@id\":\"https:\/\/www.mecanico.mobi\/es\/product\/lcd-con-marco-para-samsung-a42-5g-t2o-copy\/#primaryimage\"},\"image\":{\"@id\":\"https:\/\/www.mecanico.mobi\/es\/product\/lcd-con-marco-para-samsung-a42-5g-t2o-copy\/#primaryimage\"},\"thumbnailUrl\":\"https:\/\/www.mecanico.mobi\/wp-content\/uploads\/2025\/05\/Samsung-m12.webp\",\"datePublished\":\"2025-05-10T02:42:37+00:00\",\"dateModified\":\"2025-05-10T02:47:54+00:00\",\"breadcrumb\":{\"@id\":\"https:\/\/www.mecanico.mobi\/es\/product\/lcd-con-marco-para-samsung-a42-5g-t2o-copy\/#breadcrumb\"},\"inLanguage\":\"es\",\"potentialAction\":[{\"@type\":\"ReadAction\",\"target\":[\"https:\/\/www.mecanico.mobi\/es\/product\/lcd-con-marco-para-samsung-a42-5g-t2o-copy\/\"]}]},{\"@type\":\"ImageObject\",\"inLanguage\":\"es\",\"@id\":\"https:\/\/www.mecanico.mobi\/es\/product\/lcd-con-marco-para-samsung-a42-5g-t2o-copy\/#primaryimage\",\"url\":\"https:\/\/www.mecanico.mobi\/wp-content\/uploads\/2025\/05\/Samsung-m12.webp\",\"contentUrl\":\"https:\/\/www.mecanico.mobi\/wp-content\/uploads\/2025\/05\/Samsung-m12.webp\",\"width\":800,\"height\":800},{\"@type\":\"BreadcrumbList\",\"@id\":\"https:\/\/www.mecanico.mobi\/es\/product\/lcd-con-marco-para-samsung-a42-5g-t2o-copy\/#breadcrumb\",\"itemListElement\":[{\"@type\":\"ListItem\",\"position\":1,\"name\":\"Home\",\"item\":\"https:\/\/www.mecanico.mobi\/shop\/\"},{\"@type\":\"ListItem\",\"position\":2,\"name\":\"LCD CON MARCO PARA Samsung M12 ASS\uff08Serie After Service\uff09\"}]},{\"@type\":\"WebSite\",\"@id\":\"https:\/\/www.mecanico.mobi\/es\/#website\",\"url\":\"https:\/\/www.mecanico.mobi\/es\/\",\"name\":\"Mecanico\",\"description\":\"\",\"publisher\":{\"@id\":\"https:\/\/www.mecanico.mobi\/es\/#organization\"},\"potentialAction\":[{\"@type\":\"SearchAction\",\"target\":{\"@type\":\"EntryPoint\",\"urlTemplate\":\"https:\/\/www.mecanico.mobi\/es\/?s={search_term_string}\"},\"query-input\":{\"@type\":\"PropertyValueSpecification\",\"valueRequired\":true,\"valueName\":\"search_term_string\"}}],\"inLanguage\":\"es\"},{\"@type\":[\"Organization\",\"Place\"],\"@id\":\"https:\/\/www.mecanico.mobi\/es\/#organization\",\"name\":\"Mecanico\",\"url\":\"https:\/\/www.mecanico.mobi\/es\/\",\"logo\":{\"@id\":\"https:\/\/www.mecanico.mobi\/es\/product\/lcd-con-marco-para-samsung-a42-5g-t2o-copy\/#local-main-organization-logo\"},\"image\":{\"@id\":\"https:\/\/www.mecanico.mobi\/es\/product\/lcd-con-marco-para-samsung-a42-5g-t2o-copy\/#local-main-organization-logo\"},\"sameAs\":[\"https:\/\/www.facebook.com\/Mecanicophonelcd\"],\"telephone\":[],\"openingHoursSpecification\":[{\"@type\":\"OpeningHoursSpecification\",\"dayOfWeek\":[\"Monday\",\"Tuesday\",\"Wednesday\",\"Thursday\",\"Friday\",\"Saturday\",\"Sunday\"],\"opens\":\"09:00\",\"closes\":\"17:00\"}]},{\"@type\":\"ImageObject\",\"inLanguage\":\"es\",\"@id\":\"https:\/\/www.mecanico.mobi\/es\/product\/lcd-con-marco-para-samsung-a42-5g-t2o-copy\/#local-main-organization-logo\",\"url\":\"https:\/\/www.mecanico.mobi\/wp-content\/uploads\/2025\/07\/mecanico11.webp\",\"contentUrl\":\"https:\/\/www.mecanico.mobi\/wp-content\/uploads\/2025\/07\/mecanico11.webp\",\"width\":696,\"height\":696,\"caption\":\"Mecanico\"}]}<\/script>\n<meta property=\"product:price:amount\" content=\"0.00\" \/>\n<meta property=\"product:price:currency\" content=\"USD\" \/>\n<meta property=\"og:availability\" content=\"instock\" \/>\n<meta property=\"product:availability\" content=\"instock\" \/>\n<meta property=\"product:condition\" content=\"new\" \/>\n<!-- \/ Yoast SEO Premium plugin. -->","yoast_head_json":{"title":"LCD CON MARCO PARA Samsung M12 ASS\uff08Serie After Service\uff09 - Mecanico","robots":{"index":"index","follow":"follow","max-snippet":"max-snippet:-1","max-image-preview":"max-image-preview:large","max-video-preview":"max-video-preview:-1"},"canonical":"https:\/\/www.mecanico.mobi\/es\/product\/lcd-con-marco-para-samsung-a42-5g-t2o-copy\/","og_locale":"es_ES","og_type":"article","og_title":"LCD CON MARCO PARA Samsung M12 ASS\uff08Serie After Service\uff09","og_description":"Descripci\u00f3n del producto  Tecnolog\u00eda ASS: Pantalla LCD de repuesto para Samsung M12 ASS\uff08Serie After Service\uff09 La tan esperada tecnolog\u00eda IC fina avanzada del sector ya est\u00e1 disponible en ASS. Con revestimiento oleof\u00f3bico de primera calidad, la pantalla funciona con suavidad y capacidad de respuesta. Disfruta de colores vivos, funciones True Tone y frecuencias de actualizaci\u00f3n m\u00e1s r\u00e1pidas. Proporciona repuestos de alta calidad para las pantallas LCD Samsung M12 ASS. Esta pantalla LCD est\u00e1 fabricada con tecnolog\u00eda ASS y se adapta perfectamente al modelo espec\u00edfico. Mecanico proporciona una garant\u00eda de 12 meses para las pantallas LCD Samsung M12 ASS.","og_url":"https:\/\/www.mecanico.mobi\/es\/product\/lcd-con-marco-para-samsung-a42-5g-t2o-copy\/","og_site_name":"Mecanico","article_publisher":"https:\/\/www.facebook.com\/Mecanicophonelcd","article_modified_time":"2025-05-10T02:47:54+00:00","og_image":[{"width":800,"height":800,"url":"https:\/\/www.mecanico.mobi\/wp-content\/uploads\/2025\/05\/Samsung-m12.webp","type":"image\/webp"}],"twitter_card":"summary_large_image","twitter_misc":{"Precio":"","Disponibilidad":"Disponible"},"schema":{"@context":"https:\/\/schema.org","@graph":[{"@type":"WebPage","@id":"https:\/\/www.mecanico.mobi\/es\/product\/lcd-con-marco-para-samsung-a42-5g-t2o-copy\/","url":"https:\/\/www.mecanico.mobi\/es\/product\/lcd-con-marco-para-samsung-a42-5g-t2o-copy\/","name":"LCD CON MARCO PARA Samsung M12 ASS\uff08Serie After Service\uff09 - Mecanico","isPartOf":{"@id":"https:\/\/www.mecanico.mobi\/es\/#website"},"primaryImageOfPage":{"@id":"https:\/\/www.mecanico.mobi\/es\/product\/lcd-con-marco-para-samsung-a42-5g-t2o-copy\/#primaryimage"},"image":{"@id":"https:\/\/www.mecanico.mobi\/es\/product\/lcd-con-marco-para-samsung-a42-5g-t2o-copy\/#primaryimage"},"thumbnailUrl":"https:\/\/www.mecanico.mobi\/wp-content\/uploads\/2025\/05\/Samsung-m12.webp","datePublished":"2025-05-10T02:42:37+00:00","dateModified":"2025-05-10T02:47:54+00:00","breadcrumb":{"@id":"https:\/\/www.mecanico.mobi\/es\/product\/lcd-con-marco-para-samsung-a42-5g-t2o-copy\/#breadcrumb"},"inLanguage":"es","potentialAction":[{"@type":"ReadAction","target":["https:\/\/www.mecanico.mobi\/es\/product\/lcd-con-marco-para-samsung-a42-5g-t2o-copy\/"]}]},{"@type":"ImageObject","inLanguage":"es","@id":"https:\/\/www.mecanico.mobi\/es\/product\/lcd-con-marco-para-samsung-a42-5g-t2o-copy\/#primaryimage","url":"https:\/\/www.mecanico.mobi\/wp-content\/uploads\/2025\/05\/Samsung-m12.webp","contentUrl":"https:\/\/www.mecanico.mobi\/wp-content\/uploads\/2025\/05\/Samsung-m12.webp","width":800,"height":800},{"@type":"BreadcrumbList","@id":"https:\/\/www.mecanico.mobi\/es\/product\/lcd-con-marco-para-samsung-a42-5g-t2o-copy\/#breadcrumb","itemListElement":[{"@type":"ListItem","position":1,"name":"Home","item":"https:\/\/www.mecanico.mobi\/shop\/"},{"@type":"ListItem","position":2,"name":"LCD CON MARCO PARA Samsung M12 ASS\uff08Serie After Service\uff09"}]},{"@type":"WebSite","@id":"https:\/\/www.mecanico.mobi\/es\/#website","url":"https:\/\/www.mecanico.mobi\/es\/","name":"Mecanico","description":"","publisher":{"@id":"https:\/\/www.mecanico.mobi\/es\/#organization"},"potentialAction":[{"@type":"SearchAction","target":{"@type":"EntryPoint","urlTemplate":"https:\/\/www.mecanico.mobi\/es\/?s={search_term_string}"},"query-input":{"@type":"PropertyValueSpecification","valueRequired":true,"valueName":"search_term_string"}}],"inLanguage":"es"},{"@type":["Organization","Place"],"@id":"https:\/\/www.mecanico.mobi\/es\/#organization","name":"Mecanico","url":"https:\/\/www.mecanico.mobi\/es\/","logo":{"@id":"https:\/\/www.mecanico.mobi\/es\/product\/lcd-con-marco-para-samsung-a42-5g-t2o-copy\/#local-main-organization-logo"},"image":{"@id":"https:\/\/www.mecanico.mobi\/es\/product\/lcd-con-marco-para-samsung-a42-5g-t2o-copy\/#local-main-organization-logo"},"sameAs":["https:\/\/www.facebook.com\/Mecanicophonelcd"],"telephone":[],"openingHoursSpecification":[{"@type":"OpeningHoursSpecification","dayOfWeek":["Monday","Tuesday","Wednesday","Thursday","Friday","Saturday","Sunday"],"opens":"09:00","closes":"17:00"}]},{"@type":"ImageObject","inLanguage":"es","@id":"https:\/\/www.mecanico.mobi\/es\/product\/lcd-con-marco-para-samsung-a42-5g-t2o-copy\/#local-main-organization-logo","url":"https:\/\/www.mecanico.mobi\/wp-content\/uploads\/2025\/07\/mecanico11.webp","contentUrl":"https:\/\/www.mecanico.mobi\/wp-content\/uploads\/2025\/07\/mecanico11.webp","width":696,"height":696,"caption":"Mecanico"}]},"product_price_amount":"0.00","product_price_currency":"USD","og_availability":"instock","product_availability":"instock","product_condition":"new"},"_links":{"self":[{"href":"https:\/\/www.mecanico.mobi\/es\/wp-json\/wp\/v2\/product\/14379","targetHints":{"allow":["GET"]}}],"collection":[{"href":"https:\/\/www.mecanico.mobi\/es\/wp-json\/wp\/v2\/product"}],"about":[{"href":"https:\/\/www.mecanico.mobi\/es\/wp-json\/wp\/v2\/types\/product"}],"replies":[{"embeddable":true,"href":"https:\/\/www.mecanico.mobi\/es\/wp-json\/wp\/v2\/comments?post=14379"}],"wp:featuredmedia":[{"embeddable":true,"href":"https:\/\/www.mecanico.mobi\/es\/wp-json\/wp\/v2\/media\/14381"}],"wp:attachment":[{"href":"https:\/\/www.mecanico.mobi\/es\/wp-json\/wp\/v2\/media?parent=14379"}],"wp:term":[{"taxonomy":"product_brand","embeddable":true,"href":"https:\/\/www.mecanico.mobi\/es\/wp-json\/wp\/v2\/product_brand?post=14379"},{"taxonomy":"product_cat","embeddable":true,"href":"https:\/\/www.mecanico.mobi\/es\/wp-json\/wp\/v2\/product_cat?post=14379"},{"taxonomy":"product_tag","embeddable":true,"href":"https:\/\/www.mecanico.mobi\/es\/wp-json\/wp\/v2\/product_tag?post=14379"}],"curies":[{"name":"wp","href":"https:\/\/api.w.org\/{rel}","templated":true}]}}